{"id":11,"date":"2025-05-07T11:34:50","date_gmt":"2025-05-07T11:34:50","guid":{"rendered":"https:\/\/zlobekmaluszek.prohost.pl\/?page_id=11"},"modified":"2025-05-13T05:46:52","modified_gmt":"2025-05-13T05:46:52","slug":"rodo","status":"publish","type":"page","link":"https:\/\/zlobekmaluszek.prohost.pl\/index.php\/rodo\/","title":{"rendered":"RODO"},"content":{"rendered":"<p style=\"text-align: justify;\">Zgodnie z art. 14 i art. 7 ust. 3 RODO informuj\u0119 , \u017ce:<\/p>\n<p style=\"text-align: justify;\">1. Administratorem podanych przez Pani\u0105\/a danych osobowych jest Gminny \u017b\u0142obek \u201eMaluszek\u201d w Woli Rz\u0119dzi\u0144skiej, 33-150 Wola Rz\u0119dzi\u0144ska 253A ,<br \/>\n2. Z Inspektorem Ochrony Danych w Gminnym \u017b\u0142obku \u201eMaluszek\u201d w Woli Rz\u0119dzi\u0144skiej, mo\u017cna si\u0119 skontaktowa\u0107 dzwoni\u0105c na nr 782 974 835 lub pisz\u0105c na adres: firma.tomaszpilch@onet.pl<br \/>\n3. Cel przetwarzania jest ka\u017cdorazowo okre\u015blany w uzyskiwanej od Pa\u0144stwa zgodzie a dane dzieci przetwarzane na podstawie przepis\u00f3w Ustawy z dnia 4 lutego 2011 r. o opiece nad dzie\u0107mi w wieku do lat 3 (Dz. U. 2011 Nr 45 poz. 235) zwi\u0105zane b\u0119d\u0105 z realizacj\u0105 statutowych zada\u0144 opieku\u0144czych i wychowawczych. Przetwarzanie na podstawie wyra\u017conej przez Pa\u0144stwa zgody b\u0119dzie wykonywane do czasu wycofania wyra\u017conej wcze\u015bniej zgody, natomiast przetwarzanie na podstawie przepis\u00f3w Ustawy z dnia 4 lutego 2011 r. o opiece nad dzie\u0107mi w wieku do lat 3 b\u0119dzie odbywa\u0107 si\u0119 zgodnie z okresami przewidzianymi przez prawo dla poszczeg\u00f3lnych kategorii dokument\u00f3w.<br \/>\n4. ma Pan\/i prawo do:<br \/>\na) dost\u0119pu do tre\u015bci danych osobowych dziecka oraz ich sprostowania, \u017c\u0105dania usuni\u0119cia, ograniczenia przetwarzania, do przenoszenia danych, wniesienia sprzeciwu, do cofni\u0119cia zgody w dowolnym momencie bez wp\u0142ywu na zgodno\u015b\u0107 z prawem przetwarzania (je\u017celi przetwarzanie odbywa si\u0119 na podstawie zgody), kt\u00f3rego dokonano na podstawie zgody przed jej cofni\u0119ciem;<br \/>\nb) do wniesienia skargi do organu nadzorczego \u2013 do Prezesa Urz\u0119du Ochrony Danych Osobowych. Adres: Urz\u0105d Ochrony Danych Osobowych ul. Stawki 2, 00-193 Warszawa, www.uodo.gov.pl.w razie uznania (przez Pani\u0105\/Pana), \u017ce przetwarzanie danych osobowych dotycz\u0105cych dziecka narusza RODO;<br \/>\n5. Podane przez Pa\u0144stwa dane osobowe mog\u0105 by\u0107 przekazywane odbiorcom danych wykonuj\u0105cych dzia\u0142alno\u015b\u0107 zwi\u0105zan\u0105 z prac\u0105 \u017c\u0142obka. O tym fakcie b\u0119dziecie Pa\u0144stwo ka\u017cdorazowo informowani podczas uzyskiwania od Pa\u0144stwa na te czynno\u015bci stosownej zgody.<br \/>\n6. Pozyskane dane osobowe nie b\u0119d\u0105 przetwarzane w spos\u00f3b zautomatyzowany i nie b\u0119d\u0105 profilowane.<\/p>\n<p>&nbsp;<\/p>\n<p style=\"text-align: center;\"><strong>Polityka prywatno\u015bci serwisu zlobekmaluszek.prohost.pl<\/strong><\/p>\n<p style=\"text-align: left;\">Szanowny U\u017cytkowniku!<\/p>\n<p style=\"text-align: justify;\">Dzi\u0119kujemy za odwiedzenie serwisu internetowego zlobekmaluszek.prohost.pl<br \/>\nW trosce o Pa\u0144stwa prywatno\u015b\u0107 i poczucie bezpiecze\u0144stwa przygotowali\u015bmy niniejsz\u0105 Polityk\u0119 prywatno\u015bci, w kt\u00f3rej prezentujemy zasady post\u0119powania z danymi osobowymi oraz wykorzystywania plik\u00f3w cookies w zwi\u0105zku z korzystaniem z naszego serwisu.<br \/>\nPolityka prywatno\u015bci zosta\u0142a opracowana na podstawie \u00a0Rozporz\u0105dzenia Parlamentu Europejskiego i\u00a0Rady (UE) 2016\/679 z\u00a0dnia 27 kwietnia 2016 r. w\u00a0sprawie ochrony os\u00f3b fizycznych w\u00a0zwi\u0105zku z\u00a0przetwarzaniem danych osobowych i\u00a0w sprawie swobodnego przep\u0142ywu takich danych oraz uchylenia dyrektywy 95\/46\/WE.<br \/>\n1. DEFINICJE<br \/>\n1. Administratorem podanych przeze mnie danych osobowych jest Gminny \u017b\u0142obek \u201eMaluszek\u201d w Woli Rz\u0119dzi\u0144skiej, 33-150 Wola Rz\u0119dzi\u0144ska 253A ,<br \/>\n2. Z Inspektorem Ochrony Danych w Gminnym \u017b\u0142obku \u201eMaluszek\u201d w Woli Rz\u0119dzi\u0144skiej, mo\u017cna si\u0119 skontaktowa\u0107 dzwoni\u0105c na nr 782\u00a0974\u00a0835 lub pisz\u0105c na adres: firma.tomaszpilch@onet.pl<br \/>\n3. Serwis &#8211; serwis internetowy dzia\u0142aj\u0105cy pod adresem:zlobekmaluszek.prohost.pl<br \/>\n4. U\u017cytkownik &#8211; ka\u017cdy internauta odwiedzaj\u0105cy Serwis.<\/p>\n<p style=\"text-align: justify;\">2. DANE OSOBOWE<br \/>\n1. Administratorem podanych przeze mnie danych osobowych jest Gminny \u017b\u0142obek \u201eMaluszek\u201d w Woli Rz\u0119dzi\u0144skiej, 33-150 Wola Rz\u0119dzi\u0144ska 253A ,<br \/>\n2. W jaki spos\u00f3b pozyskujemy dane o U\u017cytkownikach i ich zachowaniach?<br \/>\na. Poprzez zapisywanie w urz\u0105dzeniach ko\u0144cowych plik\u00f3w cookie (tzw. ciasteczka).<br \/>\nb. Poprzez zapisywanie log\u00f3w na poziomie serwera www. (adres IP)<br \/>\n3. Cele i podstawa wykorzystywania danych.<br \/>\nDane zapisane w logach serwera przetwarzane s\u0105 w celach technicznych. Podstaw\u0105 prawn\u0105 przetwarzania danych jest niezb\u0119dno\u015b\u0107 przetwarzania do realizacji prawnie uzasadnionego interesu administratora &#8211; zapewnienia prawid\u0142owego dzia\u0142ania Strony.<br \/>\n4. Czas przetwarzania danych osobowych.<br \/>\na. W zakresie plik\u00f3w cookies do czasu ich wyga\u015bni\u0119cia lub do chwili ich usuni\u0119cia przez U\u017cytkownika z przegl\u0105darki.<br \/>\nb. W zakresie log\u00f3w serwera przez 60 dni.<br \/>\n5. Prawa U\u017cytkownika.<br \/>\na. Prawo dost\u0119pu do swoich danych osobowych, ich sprostowania, usuni\u0119cia lub ograniczenia przetwarzania.<br \/>\nb. Prawo do wniesienia sprzeciwu wobec przetwarzania.<br \/>\nc. Prawo do przenoszenia danych.<br \/>\nd. Prawo do cofni\u0119cia zgody na przetwarzanie danych osobowych w okre\u015blonym celu, o ile U\u017cytkownik uprzednio tak\u0105 zgod\u0119 wyrazi\u0142.<br \/>\ne. Prawo do wniesienia skargi do organu nadzorczego &#8211; Prezesa Urz\u0119du Ochrony Danych Osobowych.<br \/>\n6. Administrator informuje, i\u017c nie dokonuje w Serwisie profilowania U\u017cytkownik\u00f3w, na podstawie kt\u00f3rego mog\u0142yby by\u0107 podejmowane decyzje wywo\u0142uj\u0105ce wobec U\u017cytkownik\u00f3w skutki prawne lub wp\u0142ywaj\u0105ce na nich w podobnie istotny spos\u00f3b.<br \/>\n7. Administrator informuje, i\u017c w zwi\u0105zku z Serwisem korzysta z us\u0142ug podmiot\u00f3w wspieraj\u0105cych jego dzia\u0142alno\u015b\u0107, do kt\u00f3rych nale\u017c\u0105:<br \/>\na. hostingodawca,<br \/>\n8. Dane nie b\u0119d\u0105 udost\u0119pniane podmiotom trzecim, z zastrze\u017ceniem sytuacji, w kt\u00f3rej Administrator mo\u017ce mie\u0107 obowi\u0105zek udzielania informacji zebranych przez Serwis upowa\u017cnionym organom na podstawie zgodnych z prawem \u017c\u0105da\u0144, w zakresie wynikaj\u0105cym z \u017c\u0105dania.<br \/>\n9. Administrator zapewnia poufno\u015b\u0107 i bezpiecze\u0144stwo przekazanych mu danych osobowych:<br \/>\na. gromadzi dane osobowe s\u0105 z nale\u017cyt\u0105 staranno\u015bci\u0105 i chroni je przed dost\u0119pem os\u00f3b nieupowa\u017cnionych,<br \/>\nb. wdra\u017ca stosowne \u015brodki technicznie i organizacyjne zapewniaj\u0105ce w\u0142a\u015bciw\u0105 ochron\u0119 danych osobowych.<br \/>\n10. Administrator podejmuje wszelkie niezb\u0119dne dzia\u0142ania, aby r\u00f3wnie\u017c podmioty wspieraj\u0105ce jego dzia\u0142alno\u015b\u0107 dawa\u0142y gwarancj\u0119 stosowania odpowiednich \u015brodk\u00f3w bezpiecze\u0144stwa w trakcie przetwarzania danych na zlecenie Administratora.<br \/>\n3. PLIKI COOKIES<br \/>\n1. Serwis wykorzystuje pliki cookies.<br \/>\n2. Co to s\u0105 pliki cookies?<br \/>\na. Pliki cookies (tzw. ciasteczka) to dane informatyczne, w szczeg\u00f3lno\u015bci niewielkie pliki tekstowe, kt\u00f3re s\u0105 przechowywane na urz\u0105dzeniu ko\u0144cowym U\u017cytkownika (np. komputerze, tablecie, smartfonie).<br \/>\nb. Pilki cookies zazwyczaj zawieraj\u0105 nazw\u0119 serwisu internetowego, z kt\u00f3rego pochodz\u0105, czas przechowywania ich na urz\u0105dzeniu ko\u0144cowym oraz unikalny numer.<br \/>\n3. Pliki cookies mog\u0105 by\u0107 odczytywane przez Serwis Administratora (cookies w\u0142asne) lub serwisy internetowe podmiot\u00f3w trzecich.<br \/>\n4. Niekt\u00f3re u\u017cywane przez Serwis pliki cookies s\u0105 usuwane po zako\u0144czeniu sesji przegl\u0105darki internetowej, tj. po jej zamkni\u0119ciu (cookies sesyjne), inne pliki cookies s\u0105 zachowywane na urz\u0105dzeniu ko\u0144cowym U\u017cytkownika i umo\u017cliwiaj\u0105 rozpoznanie przegl\u0105darki U\u017cytkownika przy kolejnym wej\u015bciu na stron\u0119 Serwisu (trwa\u0142e cookies).<br \/>\n5. Pliki cookies w\u0142asne wykorzystywane s\u0105 w celu prawid\u0142owego dzia\u0142ania Serwisu.<br \/>\n6. Pliki cookies nie powoduj\u0105 zmian w ustawieniach urz\u0105dzenia U\u017cytkownika.<br \/>\n7. Jak zarz\u0105dza\u0107 plikami cookies?<br \/>\na. Przegl\u0105darki internetowe zazwyczaj domy\u015blnie dopuszczaj\u0105 przechowywanie plik\u00f3w cookies w urz\u0105dzeniu ko\u0144cowym U\u017cytkownika.<br \/>\nb. Je\u015bli U\u017cytkownik nie wy\u0142\u0105czy wykorzystywania plik\u00f3w cookies w ustawieniach przegl\u0105darki, oznacza to, \u017ce wyra\u017ca zgod\u0119 na ich wykorzystanie.<br \/>\nc. U\u017cytkownik mo\u017ce samodzielnie i w ka\u017cdej chwili zmieni\u0107 ustawienia plik\u00f3w cookies w celu okre\u015blenia zasad ich przechowywania i uzyskiwania dost\u0119pu do urz\u0105dzenia, z kt\u00f3rego korzysta. U\u017cytkownik Serwisu mo\u017ce dokona\u0107 zmiany ustawie\u0144 przegl\u0105darki &#8211; np. zablokowa\u0107 automatyczn\u0105 obs\u0142ug\u0119 cookies lub otrzymywa\u0107 informacj\u0119 o ka\u017cdorazowym zamieszczeniu ich na urz\u0105dzeniu.<br \/>\nd. U\u017cytkownik, aby dowiedzie\u0107 si\u0119 jak zarz\u0105dza\u0107 plikami cookies mo\u017ce skorzysta\u0107 z zak\u0142adki pomocy danej przegl\u0105darki.<br \/>\ne. Administrator informuje, i\u017c ograniczenia stosowania lub wy\u0142\u0105czenie obs\u0142ugi plik\u00f3w cookies mo\u017ce wp\u0142yn\u0105\u0107 na niekt\u00f3re funkcjonalno\u015bci dost\u0119pne w Serwisie.<br \/>\n4. LOGI SERWERA<br \/>\n1. Niezale\u017cnie od plik\u00f3w cookies, Serwis przy ka\u017cdej wizycie U\u017cytkownika automatycznie zapisuje na swoim serwerze informacje, przekazywane przez przegl\u0105darki internetowe.<br \/>\n2. Informacje, o kt\u00f3rych mowa w ust.1 zapisywane s\u0105 w postaci log\u00f3w serwera zawieraj\u0105cych:<br \/>\na. adres IP U\u017cytkownika,<br \/>\nb. informacj\u0119 o przegl\u0105darce internetowej i systemie operacyjnym, z jakiego korzysta U\u017cytkownik,<br \/>\nc. adres URL strony www poprzednio odwiedzanej przez U\u017cytkownika w przypadku gdy przej\u015bcie do Serwisu nast\u0105pi\u0142o przez odno\u015bnik,<br \/>\nd. przes\u0142an\u0105 ilo\u015b\u0107 danych,<br \/>\ne. dat\u0119 i czas dost\u0119pu.<br \/>\n3. Informacje w logach serwera:<br \/>\na. maj\u0105 charakter zbiorczy i anonimowy tzn. nie s\u0105 kojarzone z konkretnymi osobami przegl\u0105daj\u0105cymi zasoby Serwisu i nie s\u0105 wykorzystywane do identyfikacji U\u017cytkownik\u00f3w,<br \/>\nb. nie s\u0105 ujawniane osobom trzecim,<br \/>\nc. s\u0105 zapisywane i przechowywane na serwerze,<br \/>\nd. s\u0105 wykorzystywane wy\u0142\u0105cznie w celu zarz\u0105dzania serwerem tzn. diagnozowania ewentualnych problem\u00f3w zwi\u0105zanych z prac\u0105 serwera oraz generowania statystyk przydatnych do efektywnego administrowania Serwisem.<\/p>\n<p>5. ODNO\u015aNIKI DO INNYCH SERWIS\u00d3W WWW<br \/>\n1. Serwis zawiera odno\u015bniki do innych serwis\u00f3w www.<br \/>\n2. Administrator informuje, i\u017c nie ponosi odpowiedzialno\u015bci za zasady zachowania prywatno\u015bci w tych serwisach i zaleca, aby po przej\u015bciu do innych serwis\u00f3w, zapozna\u0107 si\u0119 z obowi\u0105zuj\u0105c\u0105 w nich\u00a0polityk\u0105 prywatno\u015bci.<\/p>\n<p>6. POSTANOWIENIA KO\u0143COWE<br \/>\n1. Administrator zastrzega sobie prawo zmian w niniejszej Polityce prywatno\u015bci. Zmiany mog\u0105 by\u0107 uzasadnione np. rozwojem funkcjonalno\u015bci Serwisu, post\u0119pem technologicznym lub zmianami stosownych przepis\u00f3w prawa.<br \/>\n2. W przypadku pyta\u0144 i opinii dotycz\u0105cych stosowanej przez Administratora Polityki prywatno\u015bci prosimy o przesy\u0142anie ich na adres e-mail: firma.tomaszpilch@onet.pl<\/p>\n<p style=\"text-align: justify;\">\n<p style=\"text-align: justify;\">\n<a href=\"https:\/\/zlobekmaluszek.prohost.pl\/wp-content\/uploads\/2025\/05\/cofniecie_zgody.rtf\">Cofniecie zgody na przetwarzanie danych osobowych<\/a><\/p>\n","protected":false},"excerpt":{"rendered":"<p>Zgodnie z art. 14 i art. 7 ust. 3 RODO informuj\u0119 , \u017ce: 1. Administratorem podanych przez Pani\u0105\/a danych osobowych jest Gminny \u017b\u0142obek \u201eMaluszek\u201d w Woli Rz\u0119dzi\u0144skiej, 33-150 Wola Rz\u0119dzi\u0144ska 253A , 2. Z Inspektorem Ochrony Danych w Gminnym \u017b\u0142obku \u201eMaluszek\u201d w Woli Rz\u0119dzi\u0144skiej, mo\u017cna si\u0119 skontaktowa\u0107 dzwoni\u0105c na nr 782 974 835 lub pisz\u0105c [&hellip;]<\/p>\n","protected":false},"author":1,"featured_media":0,"parent":0,"menu_order":0,"comment_status":"closed","ping_status":"closed","template":"","meta":{"footnotes":""},"class_list":["post-11","page","type-page","status-publish","czr-hentry"],"_links":{"self":[{"href":"https:\/\/zlobekmaluszek.prohost.pl\/index.php\/wp-json\/wp\/v2\/pages\/11","targetHints":{"allow":["GET"]}}],"collection":[{"href":"https:\/\/zlobekmaluszek.prohost.pl\/index.php\/wp-json\/wp\/v2\/pages"}],"about":[{"href":"https:\/\/zlobekmaluszek.prohost.pl\/index.php\/wp-json\/wp\/v2\/types\/page"}],"author":[{"embeddable":true,"href":"https:\/\/zlobekmaluszek.prohost.pl\/index.php\/wp-json\/wp\/v2\/users\/1"}],"replies":[{"embeddable":true,"href":"https:\/\/zlobekmaluszek.prohost.pl\/index.php\/wp-json\/wp\/v2\/comments?post=11"}],"version-history":[{"count":3,"href":"https:\/\/zlobekmaluszek.prohost.pl\/index.php\/wp-json\/wp\/v2\/pages\/11\/revisions"}],"predecessor-version":[{"id":425,"href":"https:\/\/zlobekmaluszek.prohost.pl\/index.php\/wp-json\/wp\/v2\/pages\/11\/revisions\/425"}],"wp:attachment":[{"href":"https:\/\/zlobekmaluszek.prohost.pl\/index.php\/wp-json\/wp\/v2\/media?parent=11"}],"curies":[{"name":"wp","href":"https:\/\/api.w.org\/{rel}","templated":true}]}}