{"id":13,"date":"2025-05-07T11:42:03","date_gmt":"2025-05-07T11:42:03","guid":{"rendered":"https:\/\/zlobekmaluszek.prohost.pl\/?page_id=13"},"modified":"2025-05-07T11:42:03","modified_gmt":"2025-05-07T11:42:03","slug":"dofinansowanie","status":"publish","type":"page","link":"https:\/\/zlobekmaluszek.prohost.pl\/index.php\/dofinansowanie\/","title":{"rendered":"Dofinansowanie"},"content":{"rendered":"<p style=\"text-align: justify;\">Dofinansowanie wynagrodze\u0144 w postaci dodatku motywacyjnego oraz koszt\u00f3w sk\u0142adek od tych wynagrodze\u0144 pracownik\u00f3w zatrudnionych w samorz\u0105dowych instytucjach opieki nad dzie\u0107mi w wieku do lat 3 na lata 2024\u20132027<\/p>\n<p style=\"text-align: justify;\">\n<p style=\"text-align: justify;\">\u00a0<img loading=\"lazy\" decoding=\"async\" class=\"size-large wp-image-15 aligncenter\" src=\"https:\/\/zlobekmaluszek.prohost.pl\/wp-content\/uploads\/2025\/05\/482510776_3582910248680044_2391483185831424773_n-1077x1536-1-718x1024.jpg\" alt=\"\" width=\"718\" height=\"1024\" srcset=\"https:\/\/zlobekmaluszek.prohost.pl\/wp-content\/uploads\/2025\/05\/482510776_3582910248680044_2391483185831424773_n-1077x1536-1-718x1024.jpg 718w, https:\/\/zlobekmaluszek.prohost.pl\/wp-content\/uploads\/2025\/05\/482510776_3582910248680044_2391483185831424773_n-1077x1536-1-210x300.jpg 210w, https:\/\/zlobekmaluszek.prohost.pl\/wp-content\/uploads\/2025\/05\/482510776_3582910248680044_2391483185831424773_n-1077x1536-1-768x1095.jpg 768w, https:\/\/zlobekmaluszek.prohost.pl\/wp-content\/uploads\/2025\/05\/482510776_3582910248680044_2391483185831424773_n-1077x1536-1.jpg 1077w\" sizes=\"auto, (max-width: 718px) 100vw, 718px\" \/><\/p>\n<p style=\"text-align: justify;\">\n<p style=\"text-align: justify;\"><strong>\u201eMaluch+\u201d<\/strong><\/p>\n<p style=\"text-align: justify;\">Gmina Tarn\u00f3w otrzyma\u0142a ponad 750 tys. dofinansowania z Ministerstwa Rodziny, Pracy i Polityki Spo\u0142ecznej w ramach programu \u201eMaluch+\u201d na adaptacj\u0119 pomieszcze\u0144 szkolnych na \u017c\u0142obek przy Zespole Szk\u00f3\u0142 Publicznych w Woli Rz\u0119dzi\u0144skiej. Uroczyste odebranie promesy mia\u0142o miejsce w Ma\u0142opolskim Urz\u0119dzie Wojew\u00f3dzkim w Krakowie przez Zast\u0119pc\u0119 W\u00f3jta Gminy Tarn\u00f3w S\u0142awomira Wojtasika. Warto\u015b\u0107 dofinansowania stanowi 80%, ca\u0142o\u015b\u0107 zadania szacowana jest na kwot\u0119 ponad 900 tys. z\u0142.<\/p>\n<p style=\"text-align: justify;\">W roku 2021 \u2013 Gminny \u017b\u0142obek \u201eMaluszek\u201d \u2013 DOFINANSOWANO ZE \u015aRODK\u00d3W BUD\u017bETU PA\u0143STWA,<\/p>\n<p style=\"text-align: justify;\">Resortowego programu rozwoju instytucji opieki nad dzie\u0107mi w wieku do lat 3 \u201eMALUCH+. Zadaniem programu jest zapewnienie funkcjonowania miejsc opieki w \u017c\u0142obku. Celem dotacji jest zapewnienie funkcjonowania miejsc opieki nad dzie\u0107mi do lat 3, w tym miejsc dla dzieci niepe\u0142nosprawnych lub wymagaj\u0105cych szczeg\u00f3lnej opieki tworzonych przez gmin\u0119 z udzia\u0142em Programu \u201eMALUCH+\u201d. Dofinansowanie w roku 2021 jakie otrzyma\u0142 \u017c\u0142obek to 27 840,00z\u0142, natomiast ca\u0142o\u015b\u0107 zadania to ponad 900 tys. z\u0142.<\/p>\n<p style=\"text-align: center;\"><img loading=\"lazy\" decoding=\"async\" class=\"alignnone size-large wp-image-14\" src=\"https:\/\/zlobekmaluszek.prohost.pl\/wp-content\/uploads\/2025\/05\/263986871_593149045114223_305423557567920772_n-709x1024.jpg\" alt=\"\" width=\"709\" height=\"1024\" srcset=\"https:\/\/zlobekmaluszek.prohost.pl\/wp-content\/uploads\/2025\/05\/263986871_593149045114223_305423557567920772_n-709x1024.jpg 709w, https:\/\/zlobekmaluszek.prohost.pl\/wp-content\/uploads\/2025\/05\/263986871_593149045114223_305423557567920772_n-208x300.jpg 208w, https:\/\/zlobekmaluszek.prohost.pl\/wp-content\/uploads\/2025\/05\/263986871_593149045114223_305423557567920772_n-768x1109.jpg 768w, https:\/\/zlobekmaluszek.prohost.pl\/wp-content\/uploads\/2025\/05\/263986871_593149045114223_305423557567920772_n.jpg 938w\" sizes=\"auto, (max-width: 709px) 100vw, 709px\" \/><\/p>\n<p style=\"text-align: center;\"><img loading=\"lazy\" decoding=\"async\" class=\"alignnone size-medium wp-image-16\" src=\"https:\/\/zlobekmaluszek.prohost.pl\/wp-content\/uploads\/2025\/05\/maluch-300x86-1.jpg\" alt=\"\" width=\"300\" height=\"86\" \/><\/p>\n","protected":false},"excerpt":{"rendered":"<p>Dofinansowanie wynagrodze\u0144 w postaci dodatku motywacyjnego oraz koszt\u00f3w sk\u0142adek od tych wynagrodze\u0144 pracownik\u00f3w zatrudnionych w samorz\u0105dowych instytucjach opieki nad dzie\u0107mi w wieku do lat 3 na lata 2024\u20132027 \u00a0 \u201eMaluch+\u201d Gmina Tarn\u00f3w otrzyma\u0142a ponad 750 tys. dofinansowania z Ministerstwa Rodziny, Pracy i Polityki Spo\u0142ecznej w ramach programu \u201eMaluch+\u201d na adaptacj\u0119 pomieszcze\u0144 szkolnych na \u017c\u0142obek przy [&hellip;]<\/p>\n","protected":false},"author":1,"featured_media":0,"parent":0,"menu_order":0,"comment_status":"closed","ping_status":"closed","template":"","meta":{"footnotes":""},"class_list":["post-13","page","type-page","status-publish","czr-hentry"],"_links":{"self":[{"href":"https:\/\/zlobekmaluszek.prohost.pl\/index.php\/wp-json\/wp\/v2\/pages\/13","targetHints":{"allow":["GET"]}}],"collection":[{"href":"https:\/\/zlobekmaluszek.prohost.pl\/index.php\/wp-json\/wp\/v2\/pages"}],"about":[{"href":"https:\/\/zlobekmaluszek.prohost.pl\/index.php\/wp-json\/wp\/v2\/types\/page"}],"author":[{"embeddable":true,"href":"https:\/\/zlobekmaluszek.prohost.pl\/index.php\/wp-json\/wp\/v2\/users\/1"}],"replies":[{"embeddable":true,"href":"https:\/\/zlobekmaluszek.prohost.pl\/index.php\/wp-json\/wp\/v2\/comments?post=13"}],"version-history":[{"count":1,"href":"https:\/\/zlobekmaluszek.prohost.pl\/index.php\/wp-json\/wp\/v2\/pages\/13\/revisions"}],"predecessor-version":[{"id":17,"href":"https:\/\/zlobekmaluszek.prohost.pl\/index.php\/wp-json\/wp\/v2\/pages\/13\/revisions\/17"}],"wp:attachment":[{"href":"https:\/\/zlobekmaluszek.prohost.pl\/index.php\/wp-json\/wp\/v2\/media?parent=13"}],"curies":[{"name":"wp","href":"https:\/\/api.w.org\/{rel}","templated":true}]}}