{"id":33,"date":"2025-05-07T12:11:17","date_gmt":"2025-05-07T12:11:17","guid":{"rendered":"https:\/\/zlobekmaluszek.prohost.pl\/?page_id=33"},"modified":"2025-10-09T10:50:28","modified_gmt":"2025-10-09T10:50:28","slug":"o-nas","status":"publish","type":"page","link":"https:\/\/zlobekmaluszek.prohost.pl\/index.php\/o-nas\/","title":{"rendered":"O nas"},"content":{"rendered":"<p style=\"text-align: justify;\">W ca\u0142okszta\u0142cie pracy na pierwszym miejscu stawiamy dziecko \u2013 jego dobro, poznanie wychowank\u00f3w i planowanie dzia\u0142a\u0144 w grupie tak, aby ka\u017cde dziecko mog\u0142o rozwija\u0107 si\u0119 harmonijnie, bezpiecznie, tw\u00f3rczo i m\u0105drze.<\/p>\n<p style=\"text-align: justify;\">Gminny \u017b\u0142obek \u201eMaluszek\u201d w Woli Rz\u0119dzi\u0144skiej jest jednostk\u0105 organizacyjn\u0105 Gminy Tarn\u00f3w, prowadzon\u0105 w formie samorz\u0105dowej jednostki bud\u017cetowej.<\/p>\n<p style=\"text-align: justify;\">\u017b\u0142obek mie\u015bci si\u0119 w budynku Szko\u0142y Podstawowej nr 2 im. B\u0142. E. Bojanowskiego w Woli Rz\u0119dzi\u0144skiej.<\/p>\n<p style=\"text-align: justify;\">W \u017b\u0142obku funkcjonuj\u0105 2 grupy \u2013 \u0142\u0105cznie 34 dzieci.<br \/>\nPracujemy ca\u0142y rok, z wyj\u0105tkiem sob\u00f3t, dni ustawowo wolnych od pracy oraz przerwy wakacyjnej w miesi\u0105cu sierpniu.<\/p>\n<p style=\"text-align: justify;\">Do \u017b\u0142obka mog\u0105 ucz\u0119szcza\u0107 dzieci w wieku od uko\u0144czenia 20 tygodnia \u017cycia do uko\u0144czenia 3 roku \u017cycia, zamieszka\u0142e na terenie Gminy Tarn\u00f3w. W razie nieobsadzenia wszystkich miejsc, do \u017b\u0142obka mog\u0105 zosta\u0107 przyj\u0119te dzieci z terenu innych gmin lub miasta Tarnowa.<\/p>\n<div dir=\"auto\">Zapisy do Gminnego \u017b\u0142obka \u201eMaluszek\u201d trwaj\u0105 ca\u0142y rok.<\/div>\n<div dir=\"auto\">Karty zapisu mo\u017cna pobra\u0107 ze strony internetowej \u017c\u0142obka i wys\u0142a\u0107 na adres e-mail lub wype\u0142ni\u0107 w plac\u00f3wce.<\/div>\n<div dir=\"auto\">Dzieci ucz\u0119szczaj\u0105ce do \u017c\u0142obka mog\u0105 korzysta\u0107 z programu \u2013 Aktywnie w \u017c\u0142obku.<\/div>\n<div dir=\"auto\">\u015awiadczenie przys\u0142uguje na dzieci, kt\u00f3re ucz\u0119szczaj\u0105 do \u017c\u0142obka &#8211; niezale\u017cnie od aktywno\u015bci zawodowej rodzic\u00f3w\/opiekun\u00f3w prawnych, w przypadku korzystania z programu nie ponosz\u0105 Pa\u0144stwo op\u0142at czesnego.<\/div>\n<div dir=\"auto\"><\/div>\n<div dir=\"auto\">Serdecznie zapraszamy !!<\/div>\n<p style=\"text-align: justify;\">W razie pyta\u0144 zapraszam do kontaktu.<\/p>\n<p style=\"text-align: center;\"><img loading=\"lazy\" decoding=\"async\" class=\"alignnone size-full wp-image-35\" src=\"https:\/\/zlobekmaluszek.prohost.pl\/wp-content\/uploads\/2025\/05\/85188782_502748733989127_7321001382163513344_n-1536x1152-1.jpg\" alt=\"\" width=\"1536\" height=\"1152\" srcset=\"https:\/\/zlobekmaluszek.prohost.pl\/wp-content\/uploads\/2025\/05\/85188782_502748733989127_7321001382163513344_n-1536x1152-1.jpg 1536w, https:\/\/zlobekmaluszek.prohost.pl\/wp-content\/uploads\/2025\/05\/85188782_502748733989127_7321001382163513344_n-1536x1152-1-300x225.jpg 300w, https:\/\/zlobekmaluszek.prohost.pl\/wp-content\/uploads\/2025\/05\/85188782_502748733989127_7321001382163513344_n-1536x1152-1-1024x768.jpg 1024w, https:\/\/zlobekmaluszek.prohost.pl\/wp-content\/uploads\/2025\/05\/85188782_502748733989127_7321001382163513344_n-1536x1152-1-768x576.jpg 768w\" sizes=\"auto, (max-width: 1536px) 100vw, 1536px\" \/> <img loading=\"lazy\" decoding=\"async\" class=\"alignnone size-large wp-image-36\" src=\"https:\/\/zlobekmaluszek.prohost.pl\/wp-content\/uploads\/2025\/05\/87153100_606519076576380_5774190273676443648_n-1536x1152-1-1024x768.jpg\" alt=\"\" width=\"1024\" height=\"768\" srcset=\"https:\/\/zlobekmaluszek.prohost.pl\/wp-content\/uploads\/2025\/05\/87153100_606519076576380_5774190273676443648_n-1536x1152-1-1024x768.jpg 1024w, https:\/\/zlobekmaluszek.prohost.pl\/wp-content\/uploads\/2025\/05\/87153100_606519076576380_5774190273676443648_n-1536x1152-1-300x225.jpg 300w, https:\/\/zlobekmaluszek.prohost.pl\/wp-content\/uploads\/2025\/05\/87153100_606519076576380_5774190273676443648_n-1536x1152-1-768x576.jpg 768w, https:\/\/zlobekmaluszek.prohost.pl\/wp-content\/uploads\/2025\/05\/87153100_606519076576380_5774190273676443648_n-1536x1152-1.jpg 1536w\" sizes=\"auto, (max-width: 1024px) 100vw, 1024px\" \/> <img loading=\"lazy\" decoding=\"async\" class=\"alignnone size-large wp-image-37\" src=\"https:\/\/zlobekmaluszek.prohost.pl\/wp-content\/uploads\/2025\/05\/87154198_1086180475065541_561170947902537728_n-1536x1152-1-1024x768.jpg\" alt=\"\" width=\"1024\" height=\"768\" srcset=\"https:\/\/zlobekmaluszek.prohost.pl\/wp-content\/uploads\/2025\/05\/87154198_1086180475065541_561170947902537728_n-1536x1152-1-1024x768.jpg 1024w, https:\/\/zlobekmaluszek.prohost.pl\/wp-content\/uploads\/2025\/05\/87154198_1086180475065541_561170947902537728_n-1536x1152-1-300x225.jpg 300w, https:\/\/zlobekmaluszek.prohost.pl\/wp-content\/uploads\/2025\/05\/87154198_1086180475065541_561170947902537728_n-1536x1152-1-768x576.jpg 768w, https:\/\/zlobekmaluszek.prohost.pl\/wp-content\/uploads\/2025\/05\/87154198_1086180475065541_561170947902537728_n-1536x1152-1.jpg 1536w\" sizes=\"auto, (max-width: 1024px) 100vw, 1024px\" \/> <img loading=\"lazy\" decoding=\"async\" class=\"alignnone size-large wp-image-38\" src=\"https:\/\/zlobekmaluszek.prohost.pl\/wp-content\/uploads\/2025\/05\/87177563_182067496422699_8931010353135878144_n-1536x1152-1-1024x768.jpg\" alt=\"\" width=\"1024\" height=\"768\" srcset=\"https:\/\/zlobekmaluszek.prohost.pl\/wp-content\/uploads\/2025\/05\/87177563_182067496422699_8931010353135878144_n-1536x1152-1-1024x768.jpg 1024w, https:\/\/zlobekmaluszek.prohost.pl\/wp-content\/uploads\/2025\/05\/87177563_182067496422699_8931010353135878144_n-1536x1152-1-300x225.jpg 300w, https:\/\/zlobekmaluszek.prohost.pl\/wp-content\/uploads\/2025\/05\/87177563_182067496422699_8931010353135878144_n-1536x1152-1-768x576.jpg 768w, https:\/\/zlobekmaluszek.prohost.pl\/wp-content\/uploads\/2025\/05\/87177563_182067496422699_8931010353135878144_n-1536x1152-1.jpg 1536w\" sizes=\"auto, (max-width: 1024px) 100vw, 1024px\" \/> <img loading=\"lazy\" decoding=\"async\" class=\"alignnone size-large wp-image-39\" src=\"https:\/\/zlobekmaluszek.prohost.pl\/wp-content\/uploads\/2025\/05\/87182592_646912689458674_342376483391537152_n-1536x1152-1-1024x768.jpg\" alt=\"\" width=\"1024\" height=\"768\" srcset=\"https:\/\/zlobekmaluszek.prohost.pl\/wp-content\/uploads\/2025\/05\/87182592_646912689458674_342376483391537152_n-1536x1152-1-1024x768.jpg 1024w, https:\/\/zlobekmaluszek.prohost.pl\/wp-content\/uploads\/2025\/05\/87182592_646912689458674_342376483391537152_n-1536x1152-1-300x225.jpg 300w, https:\/\/zlobekmaluszek.prohost.pl\/wp-content\/uploads\/2025\/05\/87182592_646912689458674_342376483391537152_n-1536x1152-1-768x576.jpg 768w, https:\/\/zlobekmaluszek.prohost.pl\/wp-content\/uploads\/2025\/05\/87182592_646912689458674_342376483391537152_n-1536x1152-1.jpg 1536w\" sizes=\"auto, (max-width: 1024px) 100vw, 1024px\" \/> <img loading=\"lazy\" decoding=\"async\" class=\"alignnone size-large wp-image-40\" src=\"https:\/\/zlobekmaluszek.prohost.pl\/wp-content\/uploads\/2025\/05\/87187891_862495447524520_1699237101230358528_n-1536x1152-1-1024x768.jpg\" alt=\"\" width=\"1024\" height=\"768\" srcset=\"https:\/\/zlobekmaluszek.prohost.pl\/wp-content\/uploads\/2025\/05\/87187891_862495447524520_1699237101230358528_n-1536x1152-1-1024x768.jpg 1024w, https:\/\/zlobekmaluszek.prohost.pl\/wp-content\/uploads\/2025\/05\/87187891_862495447524520_1699237101230358528_n-1536x1152-1-300x225.jpg 300w, https:\/\/zlobekmaluszek.prohost.pl\/wp-content\/uploads\/2025\/05\/87187891_862495447524520_1699237101230358528_n-1536x1152-1-768x576.jpg 768w, https:\/\/zlobekmaluszek.prohost.pl\/wp-content\/uploads\/2025\/05\/87187891_862495447524520_1699237101230358528_n-1536x1152-1.jpg 1536w\" sizes=\"auto, (max-width: 1024px) 100vw, 1024px\" \/> <img loading=\"lazy\" decoding=\"async\" class=\"alignnone size-large wp-image-41\" src=\"https:\/\/zlobekmaluszek.prohost.pl\/wp-content\/uploads\/2025\/05\/87221788_214595326329926_8586464949914566656_n-1536x1152-1-1024x768.jpg\" alt=\"\" width=\"1024\" height=\"768\" srcset=\"https:\/\/zlobekmaluszek.prohost.pl\/wp-content\/uploads\/2025\/05\/87221788_214595326329926_8586464949914566656_n-1536x1152-1-1024x768.jpg 1024w, https:\/\/zlobekmaluszek.prohost.pl\/wp-content\/uploads\/2025\/05\/87221788_214595326329926_8586464949914566656_n-1536x1152-1-300x225.jpg 300w, https:\/\/zlobekmaluszek.prohost.pl\/wp-content\/uploads\/2025\/05\/87221788_214595326329926_8586464949914566656_n-1536x1152-1-768x576.jpg 768w, https:\/\/zlobekmaluszek.prohost.pl\/wp-content\/uploads\/2025\/05\/87221788_214595326329926_8586464949914566656_n-1536x1152-1.jpg 1536w\" sizes=\"auto, (max-width: 1024px) 100vw, 1024px\" \/> <img loading=\"lazy\" decoding=\"async\" class=\"alignnone size-large wp-image-42\" src=\"https:\/\/zlobekmaluszek.prohost.pl\/wp-content\/uploads\/2025\/05\/87238223_706478173220725_7202534209771012096_n-1536x1152-1-1024x768.jpg\" alt=\"\" width=\"1024\" height=\"768\" srcset=\"https:\/\/zlobekmaluszek.prohost.pl\/wp-content\/uploads\/2025\/05\/87238223_706478173220725_7202534209771012096_n-1536x1152-1-1024x768.jpg 1024w, https:\/\/zlobekmaluszek.prohost.pl\/wp-content\/uploads\/2025\/05\/87238223_706478173220725_7202534209771012096_n-1536x1152-1-300x225.jpg 300w, https:\/\/zlobekmaluszek.prohost.pl\/wp-content\/uploads\/2025\/05\/87238223_706478173220725_7202534209771012096_n-1536x1152-1-768x576.jpg 768w, https:\/\/zlobekmaluszek.prohost.pl\/wp-content\/uploads\/2025\/05\/87238223_706478173220725_7202534209771012096_n-1536x1152-1.jpg 1536w\" sizes=\"auto, (max-width: 1024px) 100vw, 1024px\" \/> <img loading=\"lazy\" decoding=\"async\" class=\"alignnone size-large wp-image-43\" src=\"https:\/\/zlobekmaluszek.prohost.pl\/wp-content\/uploads\/2025\/05\/87269461_490259348549809_3051775319817060352_n-1536x1152-1-1024x768.jpg\" alt=\"\" width=\"1024\" height=\"768\" srcset=\"https:\/\/zlobekmaluszek.prohost.pl\/wp-content\/uploads\/2025\/05\/87269461_490259348549809_3051775319817060352_n-1536x1152-1-1024x768.jpg 1024w, https:\/\/zlobekmaluszek.prohost.pl\/wp-content\/uploads\/2025\/05\/87269461_490259348549809_3051775319817060352_n-1536x1152-1-300x225.jpg 300w, https:\/\/zlobekmaluszek.prohost.pl\/wp-content\/uploads\/2025\/05\/87269461_490259348549809_3051775319817060352_n-1536x1152-1-768x576.jpg 768w, https:\/\/zlobekmaluszek.prohost.pl\/wp-content\/uploads\/2025\/05\/87269461_490259348549809_3051775319817060352_n-1536x1152-1.jpg 1536w\" sizes=\"auto, (max-width: 1024px) 100vw, 1024px\" \/> <img loading=\"lazy\" decoding=\"async\" class=\"alignnone size-large wp-image-44\" src=\"https:\/\/zlobekmaluszek.prohost.pl\/wp-content\/uploads\/2025\/05\/87320166_492845431389834_2521444461892861952_n-1536x1152-1-1024x768.jpg\" alt=\"\" width=\"1024\" height=\"768\" srcset=\"https:\/\/zlobekmaluszek.prohost.pl\/wp-content\/uploads\/2025\/05\/87320166_492845431389834_2521444461892861952_n-1536x1152-1-1024x768.jpg 1024w, https:\/\/zlobekmaluszek.prohost.pl\/wp-content\/uploads\/2025\/05\/87320166_492845431389834_2521444461892861952_n-1536x1152-1-300x225.jpg 300w, https:\/\/zlobekmaluszek.prohost.pl\/wp-content\/uploads\/2025\/05\/87320166_492845431389834_2521444461892861952_n-1536x1152-1-768x576.jpg 768w, https:\/\/zlobekmaluszek.prohost.pl\/wp-content\/uploads\/2025\/05\/87320166_492845431389834_2521444461892861952_n-1536x1152-1.jpg 1536w\" sizes=\"auto, (max-width: 1024px) 100vw, 1024px\" \/> <img loading=\"lazy\" decoding=\"async\" class=\"alignnone size-large wp-image-45\" src=\"https:\/\/zlobekmaluszek.prohost.pl\/wp-content\/uploads\/2025\/05\/87326809_276423546653367_8698061334274637824_n-1536x1152-1-1024x768.jpg\" alt=\"\" width=\"1024\" height=\"768\" srcset=\"https:\/\/zlobekmaluszek.prohost.pl\/wp-content\/uploads\/2025\/05\/87326809_276423546653367_8698061334274637824_n-1536x1152-1-1024x768.jpg 1024w, https:\/\/zlobekmaluszek.prohost.pl\/wp-content\/uploads\/2025\/05\/87326809_276423546653367_8698061334274637824_n-1536x1152-1-300x225.jpg 300w, https:\/\/zlobekmaluszek.prohost.pl\/wp-content\/uploads\/2025\/05\/87326809_276423546653367_8698061334274637824_n-1536x1152-1-768x576.jpg 768w, https:\/\/zlobekmaluszek.prohost.pl\/wp-content\/uploads\/2025\/05\/87326809_276423546653367_8698061334274637824_n-1536x1152-1.jpg 1536w\" sizes=\"auto, (max-width: 1024px) 100vw, 1024px\" \/> <img loading=\"lazy\" decoding=\"async\" class=\"alignnone size-large wp-image-46\" src=\"https:\/\/zlobekmaluszek.prohost.pl\/wp-content\/uploads\/2025\/05\/87369625_791278698049880_539662090986586112_n-1536x1152-1-1024x768.jpg\" alt=\"\" width=\"1024\" height=\"768\" srcset=\"https:\/\/zlobekmaluszek.prohost.pl\/wp-content\/uploads\/2025\/05\/87369625_791278698049880_539662090986586112_n-1536x1152-1-1024x768.jpg 1024w, https:\/\/zlobekmaluszek.prohost.pl\/wp-content\/uploads\/2025\/05\/87369625_791278698049880_539662090986586112_n-1536x1152-1-300x225.jpg 300w, https:\/\/zlobekmaluszek.prohost.pl\/wp-content\/uploads\/2025\/05\/87369625_791278698049880_539662090986586112_n-1536x1152-1-768x576.jpg 768w, https:\/\/zlobekmaluszek.prohost.pl\/wp-content\/uploads\/2025\/05\/87369625_791278698049880_539662090986586112_n-1536x1152-1.jpg 1536w\" sizes=\"auto, (max-width: 1024px) 100vw, 1024px\" \/> <img loading=\"lazy\" decoding=\"async\" class=\"alignnone size-large wp-image-47\" src=\"https:\/\/zlobekmaluszek.prohost.pl\/wp-content\/uploads\/2025\/05\/87370695_2878834818841504_5524863917450330112_n-1536x1152-1-1024x768.jpg\" alt=\"\" width=\"1024\" height=\"768\" srcset=\"https:\/\/zlobekmaluszek.prohost.pl\/wp-content\/uploads\/2025\/05\/87370695_2878834818841504_5524863917450330112_n-1536x1152-1-1024x768.jpg 1024w, https:\/\/zlobekmaluszek.prohost.pl\/wp-content\/uploads\/2025\/05\/87370695_2878834818841504_5524863917450330112_n-1536x1152-1-300x225.jpg 300w, https:\/\/zlobekmaluszek.prohost.pl\/wp-content\/uploads\/2025\/05\/87370695_2878834818841504_5524863917450330112_n-1536x1152-1-768x576.jpg 768w, https:\/\/zlobekmaluszek.prohost.pl\/wp-content\/uploads\/2025\/05\/87370695_2878834818841504_5524863917450330112_n-1536x1152-1.jpg 1536w\" sizes=\"auto, (max-width: 1024px) 100vw, 1024px\" \/> <img loading=\"lazy\" decoding=\"async\" class=\"alignnone size-large wp-image-48\" src=\"https:\/\/zlobekmaluszek.prohost.pl\/wp-content\/uploads\/2025\/05\/87379227_800390043816372_3218444802798387200_n-1536x1152-1-1024x768.jpg\" alt=\"\" width=\"1024\" height=\"768\" srcset=\"https:\/\/zlobekmaluszek.prohost.pl\/wp-content\/uploads\/2025\/05\/87379227_800390043816372_3218444802798387200_n-1536x1152-1-1024x768.jpg 1024w, https:\/\/zlobekmaluszek.prohost.pl\/wp-content\/uploads\/2025\/05\/87379227_800390043816372_3218444802798387200_n-1536x1152-1-300x225.jpg 300w, https:\/\/zlobekmaluszek.prohost.pl\/wp-content\/uploads\/2025\/05\/87379227_800390043816372_3218444802798387200_n-1536x1152-1-768x576.jpg 768w, https:\/\/zlobekmaluszek.prohost.pl\/wp-content\/uploads\/2025\/05\/87379227_800390043816372_3218444802798387200_n-1536x1152-1.jpg 1536w\" sizes=\"auto, (max-width: 1024px) 100vw, 1024px\" \/> <img loading=\"lazy\" decoding=\"async\" class=\"alignnone size-large wp-image-49\" src=\"https:\/\/zlobekmaluszek.prohost.pl\/wp-content\/uploads\/2025\/05\/87379425_1110755619265518_301313091348463616_n-1536x1152-1-1024x768.jpg\" alt=\"\" width=\"1024\" height=\"768\" srcset=\"https:\/\/zlobekmaluszek.prohost.pl\/wp-content\/uploads\/2025\/05\/87379425_1110755619265518_301313091348463616_n-1536x1152-1-1024x768.jpg 1024w, https:\/\/zlobekmaluszek.prohost.pl\/wp-content\/uploads\/2025\/05\/87379425_1110755619265518_301313091348463616_n-1536x1152-1-300x225.jpg 300w, https:\/\/zlobekmaluszek.prohost.pl\/wp-content\/uploads\/2025\/05\/87379425_1110755619265518_301313091348463616_n-1536x1152-1-768x576.jpg 768w, https:\/\/zlobekmaluszek.prohost.pl\/wp-content\/uploads\/2025\/05\/87379425_1110755619265518_301313091348463616_n-1536x1152-1.jpg 1536w\" sizes=\"auto, (max-width: 1024px) 100vw, 1024px\" \/> <img loading=\"lazy\" decoding=\"async\" class=\"alignnone size-large wp-image-50\" src=\"https:\/\/zlobekmaluszek.prohost.pl\/wp-content\/uploads\/2025\/05\/87444034_1044563612597176_5907999026300583936_n-1152x1536-1-768x1024.jpg\" alt=\"\" width=\"768\" height=\"1024\" srcset=\"https:\/\/zlobekmaluszek.prohost.pl\/wp-content\/uploads\/2025\/05\/87444034_1044563612597176_5907999026300583936_n-1152x1536-1-768x1024.jpg 768w, https:\/\/zlobekmaluszek.prohost.pl\/wp-content\/uploads\/2025\/05\/87444034_1044563612597176_5907999026300583936_n-1152x1536-1-225x300.jpg 225w, https:\/\/zlobekmaluszek.prohost.pl\/wp-content\/uploads\/2025\/05\/87444034_1044563612597176_5907999026300583936_n-1152x1536-1.jpg 1152w\" sizes=\"auto, (max-width: 768px) 100vw, 768px\" \/> <img loading=\"lazy\" decoding=\"async\" class=\"alignnone size-large wp-image-51\" src=\"https:\/\/zlobekmaluszek.prohost.pl\/wp-content\/uploads\/2025\/05\/87454868_195819688166154_2412538758579617792_n-1536x1152-1-1024x768.jpg\" alt=\"\" width=\"1024\" height=\"768\" srcset=\"https:\/\/zlobekmaluszek.prohost.pl\/wp-content\/uploads\/2025\/05\/87454868_195819688166154_2412538758579617792_n-1536x1152-1-1024x768.jpg 1024w, https:\/\/zlobekmaluszek.prohost.pl\/wp-content\/uploads\/2025\/05\/87454868_195819688166154_2412538758579617792_n-1536x1152-1-300x225.jpg 300w, https:\/\/zlobekmaluszek.prohost.pl\/wp-content\/uploads\/2025\/05\/87454868_195819688166154_2412538758579617792_n-1536x1152-1-768x576.jpg 768w, https:\/\/zlobekmaluszek.prohost.pl\/wp-content\/uploads\/2025\/05\/87454868_195819688166154_2412538758579617792_n-1536x1152-1.jpg 1536w\" sizes=\"auto, (max-width: 1024px) 100vw, 1024px\" \/> <img loading=\"lazy\" decoding=\"async\" class=\"alignnone size-large wp-image-52\" src=\"https:\/\/zlobekmaluszek.prohost.pl\/wp-content\/uploads\/2025\/05\/87458584_3755196004491381_8410116066641969152_n-1536x1152-1-1024x768.jpg\" alt=\"\" width=\"1024\" height=\"768\" srcset=\"https:\/\/zlobekmaluszek.prohost.pl\/wp-content\/uploads\/2025\/05\/87458584_3755196004491381_8410116066641969152_n-1536x1152-1-1024x768.jpg 1024w, https:\/\/zlobekmaluszek.prohost.pl\/wp-content\/uploads\/2025\/05\/87458584_3755196004491381_8410116066641969152_n-1536x1152-1-300x225.jpg 300w, https:\/\/zlobekmaluszek.prohost.pl\/wp-content\/uploads\/2025\/05\/87458584_3755196004491381_8410116066641969152_n-1536x1152-1-768x576.jpg 768w, https:\/\/zlobekmaluszek.prohost.pl\/wp-content\/uploads\/2025\/05\/87458584_3755196004491381_8410116066641969152_n-1536x1152-1.jpg 1536w\" sizes=\"auto, (max-width: 1024px) 100vw, 1024px\" \/> <img loading=\"lazy\" decoding=\"async\" class=\"alignnone size-large wp-image-53\" src=\"https:\/\/zlobekmaluszek.prohost.pl\/wp-content\/uploads\/2025\/05\/87460020_178585986891117_3511523943624212480_n-1536x1152-1-1024x768.jpg\" alt=\"\" width=\"1024\" height=\"768\" srcset=\"https:\/\/zlobekmaluszek.prohost.pl\/wp-content\/uploads\/2025\/05\/87460020_178585986891117_3511523943624212480_n-1536x1152-1-1024x768.jpg 1024w, https:\/\/zlobekmaluszek.prohost.pl\/wp-content\/uploads\/2025\/05\/87460020_178585986891117_3511523943624212480_n-1536x1152-1-300x225.jpg 300w, https:\/\/zlobekmaluszek.prohost.pl\/wp-content\/uploads\/2025\/05\/87460020_178585986891117_3511523943624212480_n-1536x1152-1-768x576.jpg 768w, https:\/\/zlobekmaluszek.prohost.pl\/wp-content\/uploads\/2025\/05\/87460020_178585986891117_3511523943624212480_n-1536x1152-1.jpg 1536w\" sizes=\"auto, (max-width: 1024px) 100vw, 1024px\" \/> <img loading=\"lazy\" decoding=\"async\" class=\"alignnone size-large wp-image-54\" src=\"https:\/\/zlobekmaluszek.prohost.pl\/wp-content\/uploads\/2025\/05\/87468231_2585058121742301_6112477089208729600_n-1536x1152-1-1024x768.jpg\" alt=\"\" width=\"1024\" height=\"768\" srcset=\"https:\/\/zlobekmaluszek.prohost.pl\/wp-content\/uploads\/2025\/05\/87468231_2585058121742301_6112477089208729600_n-1536x1152-1-1024x768.jpg 1024w, https:\/\/zlobekmaluszek.prohost.pl\/wp-content\/uploads\/2025\/05\/87468231_2585058121742301_6112477089208729600_n-1536x1152-1-300x225.jpg 300w, https:\/\/zlobekmaluszek.prohost.pl\/wp-content\/uploads\/2025\/05\/87468231_2585058121742301_6112477089208729600_n-1536x1152-1-768x576.jpg 768w, https:\/\/zlobekmaluszek.prohost.pl\/wp-content\/uploads\/2025\/05\/87468231_2585058121742301_6112477089208729600_n-1536x1152-1.jpg 1536w\" sizes=\"auto, (max-width: 1024px) 100vw, 1024px\" \/> <img loading=\"lazy\" decoding=\"async\" class=\"alignnone size-large wp-image-55\" src=\"https:\/\/zlobekmaluszek.prohost.pl\/wp-content\/uploads\/2025\/05\/87521925_1091108187909074_6911365534822957056_n-1536x1152-1-1024x768.jpg\" alt=\"\" width=\"1024\" height=\"768\" srcset=\"https:\/\/zlobekmaluszek.prohost.pl\/wp-content\/uploads\/2025\/05\/87521925_1091108187909074_6911365534822957056_n-1536x1152-1-1024x768.jpg 1024w, https:\/\/zlobekmaluszek.prohost.pl\/wp-content\/uploads\/2025\/05\/87521925_1091108187909074_6911365534822957056_n-1536x1152-1-300x225.jpg 300w, https:\/\/zlobekmaluszek.prohost.pl\/wp-content\/uploads\/2025\/05\/87521925_1091108187909074_6911365534822957056_n-1536x1152-1-768x576.jpg 768w, https:\/\/zlobekmaluszek.prohost.pl\/wp-content\/uploads\/2025\/05\/87521925_1091108187909074_6911365534822957056_n-1536x1152-1.jpg 1536w\" sizes=\"auto, (max-width: 1024px) 100vw, 1024px\" \/> <img loading=\"lazy\" decoding=\"async\" class=\"alignnone size-large wp-image-56\" src=\"https:\/\/zlobekmaluszek.prohost.pl\/wp-content\/uploads\/2025\/05\/87557776_188805212532800_3803795948425969664_n-1536x1152-1-1024x768.jpg\" alt=\"\" width=\"1024\" height=\"768\" srcset=\"https:\/\/zlobekmaluszek.prohost.pl\/wp-content\/uploads\/2025\/05\/87557776_188805212532800_3803795948425969664_n-1536x1152-1-1024x768.jpg 1024w, https:\/\/zlobekmaluszek.prohost.pl\/wp-content\/uploads\/2025\/05\/87557776_188805212532800_3803795948425969664_n-1536x1152-1-300x225.jpg 300w, https:\/\/zlobekmaluszek.prohost.pl\/wp-content\/uploads\/2025\/05\/87557776_188805212532800_3803795948425969664_n-1536x1152-1-768x576.jpg 768w, https:\/\/zlobekmaluszek.prohost.pl\/wp-content\/uploads\/2025\/05\/87557776_188805212532800_3803795948425969664_n-1536x1152-1.jpg 1536w\" sizes=\"auto, (max-width: 1024px) 100vw, 1024px\" \/> <img loading=\"lazy\" decoding=\"async\" class=\"alignnone size-large wp-image-57\" src=\"https:\/\/zlobekmaluszek.prohost.pl\/wp-content\/uploads\/2025\/05\/87701498_198812404511020_4440363200373850112_n-1536x1152-1-1024x768.jpg\" alt=\"\" width=\"1024\" height=\"768\" srcset=\"https:\/\/zlobekmaluszek.prohost.pl\/wp-content\/uploads\/2025\/05\/87701498_198812404511020_4440363200373850112_n-1536x1152-1-1024x768.jpg 1024w, https:\/\/zlobekmaluszek.prohost.pl\/wp-content\/uploads\/2025\/05\/87701498_198812404511020_4440363200373850112_n-1536x1152-1-300x225.jpg 300w, https:\/\/zlobekmaluszek.prohost.pl\/wp-content\/uploads\/2025\/05\/87701498_198812404511020_4440363200373850112_n-1536x1152-1-768x576.jpg 768w, https:\/\/zlobekmaluszek.prohost.pl\/wp-content\/uploads\/2025\/05\/87701498_198812404511020_4440363200373850112_n-1536x1152-1.jpg 1536w\" sizes=\"auto, (max-width: 1024px) 100vw, 1024px\" \/><\/p>\n","protected":false},"excerpt":{"rendered":"<p>W ca\u0142okszta\u0142cie pracy na pierwszym miejscu stawiamy dziecko \u2013 jego dobro, poznanie wychowank\u00f3w i planowanie dzia\u0142a\u0144 w grupie tak, aby ka\u017cde dziecko mog\u0142o rozwija\u0107 si\u0119 harmonijnie, bezpiecznie, tw\u00f3rczo i m\u0105drze. Gminny \u017b\u0142obek \u201eMaluszek\u201d w Woli Rz\u0119dzi\u0144skiej jest jednostk\u0105 organizacyjn\u0105 Gminy Tarn\u00f3w, prowadzon\u0105 w formie samorz\u0105dowej jednostki bud\u017cetowej. \u017b\u0142obek mie\u015bci si\u0119 w budynku Szko\u0142y Podstawowej nr [&hellip;]<\/p>\n","protected":false},"author":1,"featured_media":45,"parent":0,"menu_order":0,"comment_status":"closed","ping_status":"closed","template":"","meta":{"footnotes":""},"class_list":["post-33","page","type-page","status-publish","has-post-thumbnail","czr-hentry"],"_links":{"self":[{"href":"https:\/\/zlobekmaluszek.prohost.pl\/index.php\/wp-json\/wp\/v2\/pages\/33","targetHints":{"allow":["GET"]}}],"collection":[{"href":"https:\/\/zlobekmaluszek.prohost.pl\/index.php\/wp-json\/wp\/v2\/pages"}],"about":[{"href":"https:\/\/zlobekmaluszek.prohost.pl\/index.php\/wp-json\/wp\/v2\/types\/page"}],"author":[{"embeddable":true,"href":"https:\/\/zlobekmaluszek.prohost.pl\/index.php\/wp-json\/wp\/v2\/users\/1"}],"replies":[{"embeddable":true,"href":"https:\/\/zlobekmaluszek.prohost.pl\/index.php\/wp-json\/wp\/v2\/comments?post=33"}],"version-history":[{"count":3,"href":"https:\/\/zlobekmaluszek.prohost.pl\/index.php\/wp-json\/wp\/v2\/pages\/33\/revisions"}],"predecessor-version":[{"id":476,"href":"https:\/\/zlobekmaluszek.prohost.pl\/index.php\/wp-json\/wp\/v2\/pages\/33\/revisions\/476"}],"wp:featuredmedia":[{"embeddable":true,"href":"https:\/\/zlobekmaluszek.prohost.pl\/index.php\/wp-json\/wp\/v2\/media\/45"}],"wp:attachment":[{"href":"https:\/\/zlobekmaluszek.prohost.pl\/index.php\/wp-json\/wp\/v2\/media?parent=33"}],"curies":[{"name":"wp","href":"https:\/\/api.w.org\/{rel}","templated":true}]}}